{"id":56,"date":"2022-08-10T11:13:55","date_gmt":"2022-08-10T09:13:55","guid":{"rendered":"https:\/\/www.bgplast.it\/?page_id=56"},"modified":"2024-09-17T09:04:56","modified_gmt":"2024-09-17T07:04:56","slug":"applicazioni-speciali","status":"publish","type":"page","link":"https:\/\/www.bgplast.it\/it\/applicazioni-speciali\/","title":{"rendered":"Applicazioni speciali"},"content":{"rendered":"<div class=\"gb-container gb-container-051fda85 pagehero\"><div class=\"gb-inside-container\">\n\n<h1 class=\"gb-headline gb-headline-78a8fe48 gb-headline-text\">Applicazioni speciali<\/h1>\n\n<\/div><\/div>\n\n<div class=\"gb-container gb-container-e0ae1b5b\"><div class=\"gb-inside-container\">\n\n<h2 class=\"gb-headline gb-headline-5057b807 gb-headline-text\">Impianti completi per la produzione di materiali speciali, unici nel loro genere<\/h2>\n\n<\/div><\/div>\n\n<div class=\"gb-container gb-container-c037ce15\"><div class=\"gb-inside-container\">\n<div class=\"gb-grid-wrapper gb-grid-wrapper-0a44c56f\">\n<div class=\"gb-grid-column gb-grid-column-eda914d2\"><div class=\"gb-container gb-container-eda914d2\"><div class=\"gb-inside-container\">\n<div class=\"gb-grid-wrapper gb-grid-wrapper-39d27870\">\n<div class=\"gb-grid-column gb-grid-column-a3961133\"><div class=\"gb-container gb-container-a3961133\"><div class=\"gb-inside-container\">\n<div class=\"wp-block-image\">\n<figure class=\"aligncenter size-full\"><img loading=\"lazy\" decoding=\"async\" width=\"450\" height=\"450\" src=\"https:\/\/www.bgplast.it\/wp-content\/uploads\/2022\/08\/Qualita\u0300-ottica.jpg\" alt=\"Qualita\u0300 ottica\" class=\"wp-image-969\" srcset=\"https:\/\/www.bgplast.it\/wp-content\/uploads\/2022\/08\/Qualita\u0300-ottica.jpg 450w, https:\/\/www.bgplast.it\/wp-content\/uploads\/2022\/08\/Qualita\u0300-ottica-300x300.jpg 300w, https:\/\/www.bgplast.it\/wp-content\/uploads\/2022\/08\/Qualita\u0300-ottica-150x150.jpg 150w\" sizes=\"auto, (max-width: 450px) 100vw, 450px\" \/><\/figure>\n<\/div>\n<\/div><\/div><\/div>\n\n<div class=\"gb-grid-column gb-grid-column-bc89ee88\"><div class=\"gb-container gb-container-bc89ee88\"><div class=\"gb-inside-container\">\n\n<h2 class=\"gb-headline gb-headline-ff183ff0 gb-headline-text\">Qualit\u00e0 ottica<\/h2>\n\n\n\n<p class=\"has-16-font-size\">L\u2019estrusore principale con cilindro bimetallico e vite rivestita, \u00e8 specificatamente studiato per processare il Policarbonato (anche PMMA, PET-G, GPPS, SAN), soprattutto per quanto riguarda l\u2019efficienza del sistema di degasaggio.<\/p>\n\n\n<div class=\"gb-button-wrapper gb-button-wrapper-6208b53b\">\n\n<a class=\"gb-button gb-button-50de7efd gb-button-text\" href=\"\/it\/applicazioni-speciali\/qualita-ottica\/\">SCOPRI DI PI\u00d9<\/a>\n\n<\/div>\n<\/div><\/div><\/div>\n<\/div>\n<\/div><\/div><\/div>\n\n<div class=\"gb-grid-column gb-grid-column-c09355a6\"><div class=\"gb-container gb-container-c09355a6\"><div class=\"gb-inside-container\">\n<div class=\"gb-grid-wrapper gb-grid-wrapper-95b9c4a4\">\n<div class=\"gb-grid-column gb-grid-column-41464d15\"><div class=\"gb-container gb-container-41464d15\"><div class=\"gb-inside-container\">\n<div class=\"wp-block-image\">\n<figure class=\"aligncenter size-full\"><img loading=\"lazy\" decoding=\"async\" width=\"450\" height=\"450\" src=\"https:\/\/www.bgplast.it\/wp-content\/uploads\/2022\/08\/Profili-ondulati.jpg\" alt=\"Profili ondulati\" class=\"wp-image-970\" srcset=\"https:\/\/www.bgplast.it\/wp-content\/uploads\/2022\/08\/Profili-ondulati.jpg 450w, https:\/\/www.bgplast.it\/wp-content\/uploads\/2022\/08\/Profili-ondulati-300x300.jpg 300w, https:\/\/www.bgplast.it\/wp-content\/uploads\/2022\/08\/Profili-ondulati-150x150.jpg 150w\" sizes=\"auto, (max-width: 450px) 100vw, 450px\" \/><\/figure>\n<\/div>\n<\/div><\/div><\/div>\n\n<div class=\"gb-grid-column gb-grid-column-b722ed69\"><div class=\"gb-container gb-container-b722ed69\"><div class=\"gb-inside-container\">\n\n<h2 class=\"gb-headline gb-headline-cf52a866 gb-headline-text\">Profili ondulati<\/h2>\n\n\n\n<p class=\"has-16-font-size\">BG Plast ha studiato una calandra che permetta di ottenere foglia calibrata di qualit\u00e0 ottica con spessore minimo di 0.5 mm. Ci\u00f2 \u00e8 reso possibile dall\u2019utilizzo di cilindri estremamente robusti e con sistema interno di circolazione del fluido termocondizionato ad alta portata.<\/p>\n\n\n<div class=\"gb-button-wrapper gb-button-wrapper-b3301edc\">\n\n<a class=\"gb-button gb-button-52e2a446 gb-button-text\" href=\"\/it\/applicazioni-speciali\/profili-ondulati\/\">SCOPRI DI PI\u00d9<\/a>\n\n<\/div>\n<\/div><\/div><\/div>\n<\/div>\n<\/div><\/div><\/div>\n\n<div class=\"gb-grid-column gb-grid-column-9b63f8b5\"><div class=\"gb-container gb-container-9b63f8b5\"><div class=\"gb-inside-container\">\n<div class=\"gb-grid-wrapper gb-grid-wrapper-d3de8d18\">\n<div class=\"gb-grid-column gb-grid-column-1068c931\"><div class=\"gb-container gb-container-1068c931\"><div class=\"gb-inside-container\">\n<div class=\"wp-block-image\">\n<figure class=\"aligncenter size-full\"><img loading=\"lazy\" decoding=\"async\" width=\"450\" height=\"450\" src=\"https:\/\/www.bgplast.it\/wp-content\/uploads\/2022\/08\/V-STUD.jpg\" alt=\"V-STUD\" class=\"wp-image-971\" srcset=\"https:\/\/www.bgplast.it\/wp-content\/uploads\/2022\/08\/V-STUD.jpg 450w, https:\/\/www.bgplast.it\/wp-content\/uploads\/2022\/08\/V-STUD-300x300.jpg 300w, https:\/\/www.bgplast.it\/wp-content\/uploads\/2022\/08\/V-STUD-150x150.jpg 150w\" sizes=\"auto, (max-width: 450px) 100vw, 450px\" \/><\/figure>\n<\/div>\n<\/div><\/div><\/div>\n\n<div class=\"gb-grid-column gb-grid-column-a7f939c0\"><div class=\"gb-container gb-container-a7f939c0\"><div class=\"gb-inside-container\">\n\n<h2 class=\"gb-headline gb-headline-adca310e gb-headline-text\">V-STUD<br>&amp; T-Grip liners<\/h2>\n\n\n\n<p class=\"has-16-font-size\">Una tecnologia che prevede l\u2019utilizzo di una lastra di HDPE e HDPE con V-Stud, per l\u2019impiego in strutture di cemento, assicurando un perfetto ancoraggio.<\/p>\n\n\n<div class=\"gb-button-wrapper gb-button-wrapper-be4d8973\">\n\n<a class=\"gb-button gb-button-936c6391 gb-button-text\" href=\"\/it\/applicazioni-speciali\/v-stud-t-grip-liners\/\">SCOPRI DI PI\u00d9<\/a>\n\n<\/div>\n<\/div><\/div><\/div>\n<\/div>\n<\/div><\/div><\/div>\n\n<div class=\"gb-grid-column gb-grid-column-28c78be3\"><div class=\"gb-container gb-container-28c78be3\"><div class=\"gb-inside-container\">\n<div class=\"gb-grid-wrapper gb-grid-wrapper-63c1883c\">\n<div class=\"gb-grid-column gb-grid-column-d9664b02\"><div class=\"gb-container gb-container-d9664b02\"><div class=\"gb-inside-container\">\n<div class=\"wp-block-image\">\n<figure class=\"aligncenter size-full\"><img loading=\"lazy\" decoding=\"async\" width=\"450\" height=\"450\" src=\"https:\/\/www.bgplast.it\/wp-content\/uploads\/2022\/08\/Membrana-bugnata.jpg\" alt=\"Membrana bugnata\" class=\"wp-image-972\" srcset=\"https:\/\/www.bgplast.it\/wp-content\/uploads\/2022\/08\/Membrana-bugnata.jpg 450w, https:\/\/www.bgplast.it\/wp-content\/uploads\/2022\/08\/Membrana-bugnata-300x300.jpg 300w, https:\/\/www.bgplast.it\/wp-content\/uploads\/2022\/08\/Membrana-bugnata-150x150.jpg 150w\" sizes=\"auto, (max-width: 450px) 100vw, 450px\" \/><\/figure>\n<\/div>\n<\/div><\/div><\/div>\n\n<div class=\"gb-grid-column gb-grid-column-2a95d1b1\"><div class=\"gb-container gb-container-2a95d1b1\"><div class=\"gb-inside-container\">\n\n<h2 class=\"gb-headline gb-headline-81b30ef7 gb-headline-text\">Membrana bugnata<\/h2>\n\n\n\n<p class=\"has-16-font-size\">Membrana bugnata impermeabilizzante e drenante. Ideale per proteggere dall&#8217;umidit\u00e0 fondazioni e muri di piani interrati.<\/p>\n\n\n<div class=\"gb-button-wrapper gb-button-wrapper-c294206b\">\n\n<a class=\"gb-button gb-button-f1d9a764 gb-button-text\" href=\"\/it\/applicazioni-speciali\/membrana-bugnata\/\">SCOPRI DI PI\u00d9<\/a>\n\n<\/div>\n<\/div><\/div><\/div>\n<\/div>\n<\/div><\/div><\/div>\n\n<div class=\"gb-grid-column gb-grid-column-98fc90e8\"><div class=\"gb-container gb-container-98fc90e8\"><div class=\"gb-inside-container\">\n<div class=\"gb-grid-wrapper gb-grid-wrapper-4d06499a\">\n<div class=\"gb-grid-column gb-grid-column-7bd820c6\"><div class=\"gb-container gb-container-7bd820c6\"><div class=\"gb-inside-container\">\n<div class=\"wp-block-image\">\n<figure class=\"aligncenter size-full\"><img loading=\"lazy\" decoding=\"async\" width=\"450\" height=\"450\" src=\"https:\/\/www.bgplast.it\/wp-content\/uploads\/2022\/08\/PVC-rigido-soft-espanso.jpg\" alt=\"PVC rigido soft espanso\" class=\"wp-image-973\" srcset=\"https:\/\/www.bgplast.it\/wp-content\/uploads\/2022\/08\/PVC-rigido-soft-espanso.jpg 450w, https:\/\/www.bgplast.it\/wp-content\/uploads\/2022\/08\/PVC-rigido-soft-espanso-300x300.jpg 300w, https:\/\/www.bgplast.it\/wp-content\/uploads\/2022\/08\/PVC-rigido-soft-espanso-150x150.jpg 150w\" sizes=\"auto, (max-width: 450px) 100vw, 450px\" \/><\/figure>\n<\/div>\n<\/div><\/div><\/div>\n\n<div class=\"gb-grid-column gb-grid-column-220ffd08\"><div class=\"gb-container gb-container-220ffd08\"><div class=\"gb-inside-container\">\n\n<h2 class=\"gb-headline gb-headline-22b186f1 gb-headline-text\">PVC rigido-soft-espanso<\/h2>\n\n\n\n<p class=\"has-16-font-size\">Come \u00e8 ben noto il PVC \u00e8 un polimero particolarmente ostico da processare. Infatti, in fase di progettazione \u00e8 d\u2019obbligo seguire determinate regole indispensabili per raggiungere la massima efficienza dell\u2019impianto.<\/p>\n\n\n<div class=\"gb-button-wrapper gb-button-wrapper-6ea6fc72\">\n\n<a class=\"gb-button gb-button-10f1623a gb-button-text\" href=\"\/it\/applicazioni-speciali\/pvc-rigido-soft-espanso\/\">SCOPRI DI PI\u00d9<\/a>\n\n<\/div>\n<\/div><\/div><\/div>\n<\/div>\n<\/div><\/div><\/div>\n\n<div class=\"gb-grid-column gb-grid-column-4ac7b770\"><div class=\"gb-container gb-container-4ac7b770\"><div class=\"gb-inside-container\">\n<div class=\"gb-grid-wrapper gb-grid-wrapper-1c7a9bb1\">\n<div class=\"gb-grid-column gb-grid-column-a16d5db3\"><div class=\"gb-container gb-container-a16d5db3\"><div class=\"gb-inside-container\">\n<div class=\"wp-block-image\">\n<figure class=\"aligncenter size-full\"><img loading=\"lazy\" decoding=\"async\" width=\"450\" height=\"450\" src=\"https:\/\/www.bgplast.it\/wp-content\/uploads\/2022\/08\/Estrusione-di-PET.jpg\" alt=\"Estrusione di PET\" class=\"wp-image-974\" srcset=\"https:\/\/www.bgplast.it\/wp-content\/uploads\/2022\/08\/Estrusione-di-PET.jpg 450w, https:\/\/www.bgplast.it\/wp-content\/uploads\/2022\/08\/Estrusione-di-PET-300x300.jpg 300w, https:\/\/www.bgplast.it\/wp-content\/uploads\/2022\/08\/Estrusione-di-PET-150x150.jpg 150w\" sizes=\"auto, (max-width: 450px) 100vw, 450px\" \/><\/figure>\n<\/div>\n<\/div><\/div><\/div>\n\n<div class=\"gb-grid-column gb-grid-column-ccf66d88\"><div class=\"gb-container gb-container-ccf66d88\"><div class=\"gb-inside-container\">\n\n<h2 class=\"gb-headline gb-headline-f06212f1 gb-headline-text\">Estrusione di PET<\/h2>\n\n\n\n<p>BG PLAST ha messo a punto un estrusore monovite che, tramite un\u2019unit\u00e0 di dosaggio multiplo per flakes, vergine e masterbatch, pu\u00f2 garantire l\u2019ottenimento di una foglia di elevata qualit\u00e0.<\/p>\n\n\n<div class=\"gb-button-wrapper gb-button-wrapper-52db3447\">\n\n<a class=\"gb-button gb-button-e6b263f4 gb-button-text\" href=\"\/it\/applicazioni-speciali\/estrusione-di-pet\/\">SCOPRI DI PI\u00d9<\/a>\n\n<\/div>\n<\/div><\/div><\/div>\n<\/div>\n<\/div><\/div><\/div>\n\n<div class=\"gb-grid-column gb-grid-column-ae4c340d\"><div class=\"gb-container gb-container-ae4c340d\"><div class=\"gb-inside-container\">\n<div class=\"gb-grid-wrapper gb-grid-wrapper-94f6edb5\">\n<div class=\"gb-grid-column gb-grid-column-5eec6a88\"><div class=\"gb-container gb-container-5eec6a88\"><div class=\"gb-inside-container\">\n<div class=\"wp-block-image\">\n<figure class=\"aligncenter size-full\"><img loading=\"lazy\" decoding=\"async\" width=\"450\" height=\"450\" src=\"https:\/\/www.bgplast.it\/wp-content\/uploads\/2022\/08\/Lastre-con-fibre-organiche.jpg\" alt=\"Lastre con fibre organiche\" class=\"wp-image-975\" srcset=\"https:\/\/www.bgplast.it\/wp-content\/uploads\/2022\/08\/Lastre-con-fibre-organiche.jpg 450w, https:\/\/www.bgplast.it\/wp-content\/uploads\/2022\/08\/Lastre-con-fibre-organiche-300x300.jpg 300w, https:\/\/www.bgplast.it\/wp-content\/uploads\/2022\/08\/Lastre-con-fibre-organiche-150x150.jpg 150w\" sizes=\"auto, (max-width: 450px) 100vw, 450px\" \/><\/figure>\n<\/div>\n<\/div><\/div><\/div>\n\n<div class=\"gb-grid-column gb-grid-column-faebbe47\"><div class=\"gb-container gb-container-faebbe47\"><div class=\"gb-inside-container\">\n\n<h2 class=\"gb-headline gb-headline-d441707a gb-headline-text\">Lastre con fibre organiche<\/h2>\n\n\n\n<p class=\"has-16-font-size\">Si tratta di una mescola composta da segatura di legno pi\u00f9 polimero utilizzata per produrre lastre di diversi spessori e larghezze.<\/p>\n\n\n<div class=\"gb-button-wrapper gb-button-wrapper-9de776bd\">\n\n<a class=\"gb-button gb-button-b309f522 gb-button-text\" href=\"\/it\/applicazioni-speciali\/lastre-con-fibre-organiche\/\">SCOPRI DI PI\u00d9<\/a>\n\n<\/div>\n<\/div><\/div><\/div>\n<\/div>\n<\/div><\/div><\/div>\n\n<div class=\"gb-grid-column gb-grid-column-e4479a0f\"><div class=\"gb-container gb-container-e4479a0f\"><div class=\"gb-inside-container\">\n<div class=\"gb-grid-wrapper gb-grid-wrapper-94fa0953\">\n<div class=\"gb-grid-column gb-grid-column-f7ab9fb1\"><div class=\"gb-container gb-container-f7ab9fb1\"><div class=\"gb-inside-container\">\n<div class=\"wp-block-image\">\n<figure class=\"aligncenter size-full\"><img loading=\"lazy\" decoding=\"async\" width=\"450\" height=\"450\" src=\"https:\/\/www.bgplast.it\/wp-content\/uploads\/2022\/08\/Prodotti-accoppiati.jpg\" alt=\"Prodotti accoppiati\" class=\"wp-image-976\" srcset=\"https:\/\/www.bgplast.it\/wp-content\/uploads\/2022\/08\/Prodotti-accoppiati.jpg 450w, https:\/\/www.bgplast.it\/wp-content\/uploads\/2022\/08\/Prodotti-accoppiati-300x300.jpg 300w, https:\/\/www.bgplast.it\/wp-content\/uploads\/2022\/08\/Prodotti-accoppiati-150x150.jpg 150w\" sizes=\"auto, (max-width: 450px) 100vw, 450px\" \/><\/figure>\n<\/div>\n<\/div><\/div><\/div>\n\n<div class=\"gb-grid-column gb-grid-column-7f363e80\"><div class=\"gb-container gb-container-7f363e80\"><div class=\"gb-inside-container\">\n\n<h2 class=\"gb-headline gb-headline-851f5d82 gb-headline-text\">Extrusion coating<\/h2>\n\n\n\n<p>(con TPO, TPU, PVC, HDPE, LDPE, ETC.)<\/p>\n\n\n\n<p>Esistono numerose possibilit\u00e0 di accoppiamento di plastica con tessuti di ogni genere, ad esempio tessuti non tessuti, moquette, fibre naturali ecc.<\/p>\n\n\n<div class=\"gb-button-wrapper gb-button-wrapper-55946be4\">\n\n<a class=\"gb-button gb-button-c5d51104 gb-button-text\" href=\"https:\/\/www.bgplast.it\/it\/applicazioni-speciali\/extrusion-coating\/\">SCOPRI DI PI\u00d9<\/a>\n\n<\/div>\n<\/div><\/div><\/div>\n<\/div>\n<\/div><\/div><\/div>\n\n<div class=\"gb-grid-column gb-grid-column-d8ecf3ac\"><div class=\"gb-container gb-container-d8ecf3ac\"><div class=\"gb-inside-container\">\n<div class=\"gb-grid-wrapper gb-grid-wrapper-7893d0a6\">\n<div class=\"gb-grid-column gb-grid-column-211e9bee\"><div class=\"gb-container gb-container-211e9bee\"><div class=\"gb-inside-container\">\n<div class=\"wp-block-image\">\n<figure class=\"aligncenter size-full\"><img loading=\"lazy\" decoding=\"async\" width=\"450\" height=\"450\" src=\"https:\/\/www.bgplast.it\/wp-content\/uploads\/2022\/08\/Nastri-trasportatori-1.jpg\" alt=\"Nastri trasportatori\" class=\"wp-image-977\" srcset=\"https:\/\/www.bgplast.it\/wp-content\/uploads\/2022\/08\/Nastri-trasportatori-1.jpg 450w, https:\/\/www.bgplast.it\/wp-content\/uploads\/2022\/08\/Nastri-trasportatori-1-300x300.jpg 300w, https:\/\/www.bgplast.it\/wp-content\/uploads\/2022\/08\/Nastri-trasportatori-1-150x150.jpg 150w\" sizes=\"auto, (max-width: 450px) 100vw, 450px\" \/><\/figure>\n<\/div>\n<\/div><\/div><\/div>\n\n<div class=\"gb-grid-column gb-grid-column-359777a5\"><div class=\"gb-container gb-container-359777a5\"><div class=\"gb-inside-container\">\n\n<h2 class=\"gb-headline gb-headline-6cd340c3 gb-headline-text\">Nastri trasportatori<\/h2>\n\n\n\n<p class=\"has-16-font-size\">BG Plast in questi ultimi anni ha riscosso particolare successo nel settore delle linee per nastri trasportatori a base TPU sia coestrusi sia monolitici.<\/p>\n\n\n<div class=\"gb-button-wrapper gb-button-wrapper-d57a28a1\">\n\n<a class=\"gb-button gb-button-f9b2b71b gb-button-text\" href=\"\/it\/applicazioni-speciali\/nastri-trasportatori\/\">SCOPRI DI PI\u00d9<\/a>\n\n<\/div>\n<\/div><\/div><\/div>\n<\/div>\n<\/div><\/div><\/div>\n\n<div class=\"gb-grid-column gb-grid-column-2c0044d4\"><div class=\"gb-container gb-container-2c0044d4\"><div class=\"gb-inside-container\">\n<div class=\"gb-grid-wrapper gb-grid-wrapper-167eb7ae\">\n<div class=\"gb-grid-column gb-grid-column-5c510c64\"><div class=\"gb-container gb-container-5c510c64\"><div class=\"gb-inside-container\">\n<div class=\"wp-block-image\">\n<figure class=\"aligncenter size-full\"><img loading=\"lazy\" decoding=\"async\" width=\"450\" height=\"450\" src=\"https:\/\/www.bgplast.it\/wp-content\/uploads\/2023\/02\/waterproof-roof-membrane.jpg\" alt=\"waterproof roof membrane\" class=\"wp-image-2442\" srcset=\"https:\/\/www.bgplast.it\/wp-content\/uploads\/2023\/02\/waterproof-roof-membrane.jpg 450w, https:\/\/www.bgplast.it\/wp-content\/uploads\/2023\/02\/waterproof-roof-membrane-300x300.jpg 300w, https:\/\/www.bgplast.it\/wp-content\/uploads\/2023\/02\/waterproof-roof-membrane-150x150.jpg 150w\" sizes=\"auto, (max-width: 450px) 100vw, 450px\" \/><\/figure>\n<\/div>\n<\/div><\/div><\/div>\n\n<div class=\"gb-grid-column gb-grid-column-f31ba146\"><div class=\"gb-container gb-container-f31ba146\"><div class=\"gb-inside-container\">\n\n<h2 class=\"gb-headline gb-headline-929c8716 gb-headline-text\">Membrane di impermeabilizzazione<\/h2>\n\n\n\n<p class=\"has-16-font-size\">BG PLAST \u00e8 uno dei leader tecnologici nella produzione di membrane polimeriche per l&#8217;impermeabilizzazione di tetti piani. In particolare, offre linee complete per la produzione di membrane in TPO, che rappresentano attualmente la soluzione pi\u00f9 avanzata sul mercato delle coperture.<\/p>\n\n\n<div class=\"gb-button-wrapper gb-button-wrapper-190d276c\">\n\n<a class=\"gb-button gb-button-c3d608bd gb-button-text\" href=\"\/it\/applicazioni-speciali\/membrane-di-impermeabilizzazione\/\">SCOPRI DI PI\u00d9<\/a>\n\n<\/div>\n<\/div><\/div><\/div>\n<\/div>\n<\/div><\/div><\/div>\n<\/div>\n<\/div><\/div>","protected":false},"excerpt":{"rendered":"<p>Applicazioni speciali Impianti completi per la produzione di materiali speciali, unici nel loro genere<\/p>\n","protected":false},"author":1,"featured_media":0,"parent":0,"menu_order":0,"comment_status":"closed","ping_status":"closed","template":"","meta":{"_acf_changed":false,"footnotes":""},"class_list":["post-56","page","type-page","status-publish"],"acf":[],"_links":{"self":[{"href":"https:\/\/www.bgplast.it\/it\/wp-json\/wp\/v2\/pages\/56","targetHints":{"allow":["GET"]}}],"collection":[{"href":"https:\/\/www.bgplast.it\/it\/wp-json\/wp\/v2\/pages"}],"about":[{"href":"https:\/\/www.bgplast.it\/it\/wp-json\/wp\/v2\/types\/page"}],"author":[{"embeddable":true,"href":"https:\/\/www.bgplast.it\/it\/wp-json\/wp\/v2\/users\/1"}],"replies":[{"embeddable":true,"href":"https:\/\/www.bgplast.it\/it\/wp-json\/wp\/v2\/comments?post=56"}],"version-history":[{"count":4,"href":"https:\/\/www.bgplast.it\/it\/wp-json\/wp\/v2\/pages\/56\/revisions"}],"predecessor-version":[{"id":3298,"href":"https:\/\/www.bgplast.it\/it\/wp-json\/wp\/v2\/pages\/56\/revisions\/3298"}],"wp:attachment":[{"href":"https:\/\/www.bgplast.it\/it\/wp-json\/wp\/v2\/media?parent=56"}],"curies":[{"name":"wp","href":"https:\/\/api.w.org\/{rel}","templated":true}]}}